{"id":24,"date":"2015-12-30T00:57:23","date_gmt":"2015-12-29T23:57:23","guid":{"rendered":"http:\/\/www.osetr.at\/?page_id=24"},"modified":"2017-05-06T00:16:41","modified_gmt":"2017-05-05T22:16:41","slug":"fischzucht","status":"publish","type":"page","link":"http:\/\/www.osetr.at\/?page_id=24","title":{"rendered":"Fischzucht"},"content":{"rendered":"<style>\n   .leftimg {\n    float:left; \/* \u0412\u044b\u0440\u0430\u0432\u043d\u0438\u0432\u0430\u043d\u0438\u0435 \u043f\u043e \u043b\u0435\u0432\u043e\u043c\u0443 \u043a\u0440\u0430\u044e *\/\n    margin: 7px 7px 7px 0; \/* \u041e\u0442\u0441\u0442\u0443\u043f\u044b \u0432\u043e\u043a\u0440\u0443\u0433 \u043a\u0430\u0440\u0442\u0438\u043d\u043a\u0438 *\/\n   }\n   .rightimg  {\n    float: right; \/* \u0412\u044b\u0440\u0430\u0432\u043d\u0438\u0432\u0430\u043d\u0438\u0435 \u043f\u043e \u043f\u0440\u0430\u0432\u043e\u043c\u0443 \u043a\u0440\u0430\u044e  *\/ \n    margin: 7px 0 7px 7px; \/* \u041e\u0442\u0441\u0442\u0443\u043f\u044b \u0432\u043e\u043a\u0440\u0443\u0433 \u043a\u0430\u0440\u0442\u0438\u043d\u043a\u0438 *\/\n   }\n<\/style>\n<p>Der Familienbetrieb Fischzucht Eggendorf ist ein Fischunternehmen der seine geschichte seit 1985 schreibt. <a href=\"http:\/\/osetr.tw1.su\/photos\/fischzucht\/DSC_0588.JPG\"><img decoding=\"async\" src=\"http:\/\/osetr.tw1.su\/photos\/fischzucht\/DSC_0588.JPG\" width=\"12%\" class=\"leftimg\"\/><\/a> Dank der Modernisierung werden die altrussischen Traditionen wiederbelebt. Gleichzeitig bietet die Fischzucht Eggendorf eine breite Produktpalette aus St\u00f6ren an, die in den \u00f6kologischen Verh\u00e4ltnissen der Alpen gez\u00fcchtet wurden.<br \/>\nDas zarte St\u00f6rfleisch mit dem einzigartigen Geschmack enth\u00e4lt zahlreiche Vitamine (PP, B1, B2, C) und Mineralien (Chrom, Magnesium und Phosphor) und ist somit f\u00fcr den regelm\u00e4\u00dfigen verbrauch sehr empfehlenswert.<br \/>\nDer St\u00f6r-Kaviar z\u00e4hlt nicht umsonst zu de feinsten Gourmet-Delikatessen. Dieses Produkt hat eine hohe biologische Wertigkeit und hilft au\u00dferdem bei der Normalisierung des Blutdrucks.<br \/>\nDie langj\u00e4hrige kulinarische Geschichte des St\u00f6rs, der zu den \u00e4lteste von den existierenden Fischarten geh\u00f6rt, ist reich an Traditionen. Im R\u00f6mischen Reich wurde das reiche Besitzb\u00fcrgertum mit dem feinen St\u00f6r verk\u00f6stigt. Auch in Russland und anderen L\u00e4ndern wurde der frische St\u00f6r ausschlie\u00dflich f\u00fcr die Zarenfamilien und die Adeligen zubereitet.<br \/>\nSchon seit langer Zeit geh\u00f6ren die St\u00f6re zu den beliebtesten Speisen der Elite. Fr\u00fcher waren es ausschlie\u00dflich die Adels, die die Gerichte aus St\u00f6r genie\u00dfen konnten. Deshalb z\u00e4hlen die St\u00f6re auch heutzutage nicht umsonst zu den wertvollsten Speisefischen, die es \u00fcberhaupt gibt. Dank der Fischzucht Eggendorf hat jeder die M\u00f6glichkeit diese Delikatesse zu genie\u00dfen.<\/p>\n<style type=\"text\/css\">\n<!--\n#wrapper {\n    width: 1024px;\n    margin: 0 auto;\n}\n\n#pic {\n        width: 20%;        \n       % height: 128px;      \n        float: left;            \n        margin-right: 10px;\n        margin-bottom: 10px; \n        text-align: center;\n}\n \n#clear {\n    clear: both;\n}\n-->\n<\/style>\n<div id=\"wrapper\">\n    <!-- \u041f\u0435\u0440\u0432\u0430\u044f \u0441\u0442\u0440\u043e\u043a\u0430 \u0441 \u0438\u0437\u043e\u0431\u0440\u0430\u0436\u0435\u043d\u0438\u044f\u043c\u0438 --><\/p>\n<div id=\"pic\">\n     <a href=\"http:\/\/osetr.tw1.su\/photos\/fischzucht\/DSC_0581.JPG\"><img decoding=\"async\" src=\"http:\/\/osetr.tw1.su\/photos\/fischzucht\/DSC_0581.JPG\"\/><\/a>\n    <\/div>\n<div id=\"pic\">\n    <a href=\"http:\/\/osetr.tw1.su\/photos\/fischzucht\/DSC_0583.JPG\"><img decoding=\"async\" src=\"http:\/\/osetr.tw1.su\/photos\/fischzucht\/DSC_0583.JPG\"\/><\/a>\n    <\/div>\n<div id=\"pic\">\n    <a href=\"http:\/\/osetr.tw1.su\/photos\/fischzucht\/DSC_0585.JPG\"><img decoding=\"async\" src=\"http:\/\/osetr.tw1.su\/photos\/fischzucht\/DSC_0585.JPG\"\/><\/a>\n    <\/div>\n<div id=\"pic\">\n     <a href=\"http:\/\/osetr.tw1.su\/photos\/fischzucht\/DSC_0545.JPG\"><img decoding=\"async\" src=\"http:\/\/osetr.tw1.su\/photos\/fischzucht\/DSC_0545.JPG\"\/><\/a>\n    <\/div>\n<div id=\"clear\"><\/div>\n<p>    <!-- \u0412\u0442\u043e\u0440\u0430\u044f \u0441\u0442\u0440\u043e\u043a\u0430 \u0441 \u0438\u0437\u043e\u0431\u0440\u0430\u0436\u0435\u043d\u0438\u044f\u043c\u0438 --><\/p>\n<div id=\"pic\">\n    <a href=\"http:\/\/osetr.tw1.su\/photos\/fischzucht\/DSC_0560.JPG\"><img decoding=\"async\" src=\"http:\/\/osetr.tw1.su\/photos\/fischzucht\/DSC_0560.JPG\"\/><\/a>\n    <\/div>\n<div id=\"pic\">\n    <a href=\"http:\/\/osetr.tw1.su\/photos\/fischzucht\/DSC_0572.JPG\"><img decoding=\"async\" src=\"http:\/\/osetr.tw1.su\/photos\/fischzucht\/DSC_0572.JPG\"\/><\/a>\n    <\/div>\n<div id=\"pic\">\n   <a href=\"http:\/\/osetr.tw1.su\/photos\/fischzucht\/DSC_0573.JPG\"><img decoding=\"async\" src=\"http:\/\/osetr.tw1.su\/photos\/fischzucht\/DSC_0573.JPG\"\/><\/a>\n    <\/div>\n<div id=\"pic\">\n     <a href=\"http:\/\/osetr.tw1.su\/photos\/fischzucht\/DSC_0577.JPG\"><img decoding=\"async\" src=\"http:\/\/osetr.tw1.su\/photos\/fischzucht\/DSC_0577.JPG\"\/><\/a>\n    <\/div>\n<\/div>\n","protected":false},"excerpt":{"rendered":"<p>Der Familienbetrieb Fischzucht Eggendorf ist ein Fischunternehmen der seine geschichte seit 1985 schreibt. Dank der Modernisierung werden die altrussischen Traditionen wiederbelebt. Gleichzeitig bietet die Fischzucht Eggendorf eine breite Produktpalette aus&#8230; <\/p>\n","protected":false},"author":1,"featured_media":25,"parent":0,"menu_order":0,"comment_status":"closed","ping_status":"closed","template":"","meta":[],"_links":{"self":[{"href":"http:\/\/www.osetr.at\/index.php?rest_route=\/wp\/v2\/pages\/24"}],"collection":[{"href":"http:\/\/www.osetr.at\/index.php?rest_route=\/wp\/v2\/pages"}],"about":[{"href":"http:\/\/www.osetr.at\/index.php?rest_route=\/wp\/v2\/types\/page"}],"author":[{"embeddable":true,"href":"http:\/\/www.osetr.at\/index.php?rest_route=\/wp\/v2\/users\/1"}],"replies":[{"embeddable":true,"href":"http:\/\/www.osetr.at\/index.php?rest_route=%2Fwp%2Fv2%2Fcomments&post=24"}],"version-history":[{"count":43,"href":"http:\/\/www.osetr.at\/index.php?rest_route=\/wp\/v2\/pages\/24\/revisions"}],"predecessor-version":[{"id":290,"href":"http:\/\/www.osetr.at\/index.php?rest_route=\/wp\/v2\/pages\/24\/revisions\/290"}],"wp:featuredmedia":[{"embeddable":true,"href":"http:\/\/www.osetr.at\/index.php?rest_route=\/wp\/v2\/media\/25"}],"wp:attachment":[{"href":"http:\/\/www.osetr.at\/index.php?rest_route=%2Fwp%2Fv2%2Fmedia&parent=24"}],"curies":[{"name":"wp","href":"https:\/\/api.w.org\/{rel}","templated":true}]}}