{"id":29,"date":"2015-12-30T01:02:50","date_gmt":"2015-12-30T00:02:50","guid":{"rendered":"http:\/\/www.osetr.at\/?page_id=29"},"modified":"2016-04-25T14:40:20","modified_gmt":"2016-04-25T12:40:20","slug":"kaviar","status":"publish","type":"page","link":"https:\/\/www.osetr.at\/?page_id=29","title":{"rendered":"Caviar"},"content":{"rendered":"<p>Der schwarze Caviar vom St\u00f6r ist verdient seit langem bekannt als bestes, nahrhaftestes, leckeres und delikates Fischprodukt. Der schwarze Caviar teilt sich nach der Herkunft aus den Hausen Caviar, St\u00f6r Caviar und Sternhausen Caviar auf. Genauso geh\u00f6rt der Caviar des Sterlets zum schwarzen Caviar.<\/p>\n<p>Beim schwarzen Kaviar werden vor allem der Umfang und die Farbe des Kornes gesch\u00e4tzt, und der Titel &#8222;schwarz&#8220; entspricht nicht immer ihrer echten Farbe. Im Gegenteil, je heller das Korn, desto mehr wird der Caviar gesch\u00e4tzt. Zum Beispiel, der beste Caviar ist der goldene <strong>&#8222;Zaren-Caviar\u201c<\/strong>. Solch ein Caviar wird aus \u00fcber 60 Jahre alten St\u00f6ren gewonnen und hat eine bernsteinene F\u00e4rbung. Die Farbe von anderem guten Caviar wechselt von silber-schwarz bis zu graulich-braun. Bei gutem schwarzen Caviar kommt der leichte, kaum sp\u00fcrbare Geruch des Meeres zum Vorschein, und die K\u00f6rne sind gl\u00e4nzend, sowie identisch im Umfang.<\/p>\n<p>Nach dem geschmacklichen Rang belegt der gro\u00dfe <strong>Hausen Caviar<\/strong> den ersten Platz. Er ist sehr lecker, teuer und sch\u00f6n: Die Caviar Kerne erreichen im Durchmesser bis zu 3,5 mm, ihre Farbe ist gleichm\u00e4\u00dfig, silber- oder dunkel-grau.<\/p>\n<p>Auf dem zweiten Platz nach dem Wert liegt der <strong>Caviar des St\u00f6rs<\/strong>, der das kaum auff\u00e4llige Aroma des Meeres, das Jod und den zarten Nussbeigeschmack hat. Die Caviark\u00f6rner sind kleiner, zwischen <strong>1<\/strong> mm und <strong>2,5<\/strong> mm, und die Farbe kann man mit den Schattierungen dunkler Bronze vergleichen, manchmal auch dunkel-grau oder schwarz.<\/p>\n<p>Danach kommt der <strong>Caviar des Sterlets<\/strong>, in rein schwarzer Farbe, kleiner, aber mit denselben n\u00fctzlichen Eigenschaften wie der Hausen Caviar. Der <strong>Sternhausen Caviar<\/strong> hat einen sehr angenehmen und zarten Geschmack, er ist reich an Fetten, die K\u00f6rner haben eine schwarze oder dunklen-graue Farbe, gew\u00f6hnlich ist der Sterlets Caviar der kleinste von allen St\u00f6r Caviar-Arten .<\/p>\n<p>In Europa wird jede Art des Caviars nach dem Namen und Alter bestimmt.<\/p>\n<p>Den St\u00f6r Caviar teilt man auf in den Caviar des St\u00f6rs, der das zwanzigj\u00e4hrige Alter erreichte &#8211; man nennt ihn <strong>&#8222;Royal Caviar\u201c<\/strong> (Korngr\u00f6\u00dfe 2 mm), oder <strong>&#8222;Royal Premium\u201c<\/strong> (ca 2,5 mm). Wenn der Fisch \u00e4lter als 45 Jahre ist, so hei\u00dft ihr Caviar <strong>\u201eRogen Ossetria\u201c<\/strong>, und wenn der Fisch \u00e4lter als 60 Jahre ist, nennt man der Caviar <strong>\u201eImperial\u201c, <\/strong>der hat einen goldenen Verlauf. Es existiert der goldene Caviar <strong>&#8222;Golden Caviar\u201c<\/strong>, mit einer goldigen-bernsteinenen Farbe. Diese Art des Caviars z\u00e4hlt zu den am meisten delikaten und seltensten. Dieser Caviar kommt vom St\u00f6r-Albino, jedoch geschieht \u00e4u\u00dferst selten, da die Albinos sehr selten vorkommen.<\/p>\n<p>&nbsp;<\/p>\n<p><span style=\"color: #00ff7b;\"><strong>Nutzen und den Nahrungsenergiewert des Caviars<\/strong><\/span><\/p>\n<p>Im St\u00f6r Caviar sind nicht nur 30 % wertvoller Eiwei\u00df enthalten, was f\u00fcr die Eiwei\u00dfwerte tierischer Herkunft eine Seltenheit ist, sondern auch 10-13 % leichtverdaubarer Fette. Der Caviar ist reich an Lezithin, den Vitaminen <strong>A<\/strong>, <strong>E<\/strong>, <strong>D<\/strong> und <strong>B<\/strong>, <strong>Phosphor<\/strong>, <strong>Eisen<\/strong>, an anderen mineralischen Stoffen als auch an vielen organischen Verbindungen, welche f\u00fcr die gesunde Entwicklung des Organismus, der Hautzellen und der Erh\u00f6hung des H\u00e4moglobins notwendig sind. Das Ganze passiert, weil das Eiwei\u00df des Caviars vollwertig ist und haupts\u00e4chlich zu dem Eiwei\u00df den Globulin artigen, den Albuminen, z\u00e4hlt. Das Fett des Caviars ist Jodhaltiger als das Fett des Fleisches desselben Fisches, und besteht aus einer gro\u00dfen Menge sehr n\u00fctzlicher polysaturierter Fetts\u00e4uren. Im Fett des Caviars ist eine gro\u00dfe Menge von \u201egutem&#8220; Cholesterin enthalten (1,5 bis zu 14 %) und Lezithin (10 bis zu 43 %). <strong>Die Eiwei\u00dfe und die Fette, die im St\u00f6r Caviar enthalten sind, sind f\u00fcr die Zellenregenerierung und die Normalisierung des Blutdrucks von gro\u00dfem Nutzen. Schwarzer Caviar wird sehr bei Eisenmangel im Organismus empfohlen.<\/strong> Der St\u00f6r Caviar ist durchschnittlich zu 2% reich an mineralischen Stoffen. Am meisten beinhalten sie einen Anteil von <strong>Phosphor<\/strong> (bis zu 370 mg %). Im Caviar sind bedeutende Mengen an <strong>S<\/strong>, <strong>K<\/strong>, <strong>Na<\/strong>, <strong>Ca<\/strong>, <strong>Mg<\/strong>, sowie <strong>Si<\/strong>, <strong>Zn<\/strong>, <strong>Fe<\/strong>, <strong>Mn<\/strong>, <strong>J<\/strong> und anderen Mineralien enthalten.<\/p>\n<p><strong>Es ist bemerkenswert, wie die im Caviar enthaltenden N\u00e4hrstoffe, eine immense positive Auswirkung auf die Haut haben, indem sie dem \u00a0Alterungsprozess entgegenwirken und gereizte Stellen reparieren.<\/strong><\/p>\n","protected":false},"excerpt":{"rendered":"<p>Der schwarze Caviar vom St\u00f6r ist verdient seit langem bekannt als bestes, nahrhaftestes, leckeres und delikates Fischprodukt. Der schwarze Caviar teilt sich nach der Herkunft aus den Hausen Caviar, St\u00f6r&#8230; <\/p>\n","protected":false},"author":1,"featured_media":7,"parent":0,"menu_order":2,"comment_status":"closed","ping_status":"closed","template":"","meta":[],"_links":{"self":[{"href":"https:\/\/www.osetr.at\/index.php?rest_route=\/wp\/v2\/pages\/29"}],"collection":[{"href":"https:\/\/www.osetr.at\/index.php?rest_route=\/wp\/v2\/pages"}],"about":[{"href":"https:\/\/www.osetr.at\/index.php?rest_route=\/wp\/v2\/types\/page"}],"author":[{"embeddable":true,"href":"https:\/\/www.osetr.at\/index.php?rest_route=\/wp\/v2\/users\/1"}],"replies":[{"embeddable":true,"href":"https:\/\/www.osetr.at\/index.php?rest_route=%2Fwp%2Fv2%2Fcomments&post=29"}],"version-history":[{"count":6,"href":"https:\/\/www.osetr.at\/index.php?rest_route=\/wp\/v2\/pages\/29\/revisions"}],"predecessor-version":[{"id":140,"href":"https:\/\/www.osetr.at\/index.php?rest_route=\/wp\/v2\/pages\/29\/revisions\/140"}],"wp:featuredmedia":[{"embeddable":true,"href":"https:\/\/www.osetr.at\/index.php?rest_route=\/wp\/v2\/media\/7"}],"wp:attachment":[{"href":"https:\/\/www.osetr.at\/index.php?rest_route=%2Fwp%2Fv2%2Fmedia&parent=29"}],"curies":[{"name":"wp","href":"https:\/\/api.w.org\/{rel}","templated":true}]}}